{"id":2263,"date":"2015-10-19T15:16:29","date_gmt":"2015-10-19T12:16:29","guid":{"rendered":"https:\/\/www.basatlar.com\/?page_id=2263&#038;lang=en"},"modified":"2023-12-27T11:43:40","modified_gmt":"2023-12-27T08:43:40","slug":"contact","status":"publish","type":"page","link":"https:\/\/www.basatlar.com\/en\/contact\/","title":{"rendered":"Contact"},"content":{"rendered":"<div class=\"wpb-content-wrapper\"><p>[vc_row][vc_column][vc_row_inner][vc_column_inner][vc_single_image image=&#8221;2060&#8243; img_size=&#8221;full&#8221; alignment=&#8221;center&#8221;][\/vc_column_inner][\/vc_row_inner][vc_row_inner][vc_column_inner width=&#8221;2\/3&#8243;][vc_column_text]<div id=\"vfb-form-7\" class=\"visual-form-builder-container\"><form id=\"contact-7\" class=\"visual-form-builder vfb-form-7  left-label\" method=\"post\" enctype=\"multipart\/form-data\">\n\t  \t<input type=\"hidden\" name=\"form_id\" value=\"7\" \/><fieldset class=\"vfb-fieldset vfb-fieldset-1 let-us-call-you \" id=\"item-vfb-80\"><div class=\"vfb-legend\"><h3>Let Us Call You<\/h3><\/div><ul class=\"vfb-section vfb-section-1\"><li class=\"vfb-item vfb-item-text  \" id=\"item-vfb-84\"><label for=\"vfb-84\" class=\"vfb-desc\">Ad\u0131n\u0131z <\/label><input type=\"text\" name=\"vfb-84\" id=\"vfb-84\" value=\"\" class=\"vfb-text  vfb-medium   \" \/><\/li><li class=\"vfb-item vfb-item-email  \" id=\"item-vfb-85\"><label for=\"vfb-85\" class=\"vfb-desc\">E-mail <\/label><input type=\"email\" name=\"vfb-85\" id=\"vfb-85\" value=\"\" class=\"vfb-text  vfb-medium   email \" \/><\/li><li class=\"vfb-item vfb-item-phone  \" id=\"item-vfb-121\"><label for=\"vfb-121\" class=\"vfb-desc\">Telefon <\/label><input type=\"tel\" name=\"vfb-121\" id=\"vfb-121\" value=\"\" class=\"vfb-text  vfb-medium   phone \" \/><\/li><li class=\"vfb-item vfb-item-url  \" id=\"item-vfb-122\"><label for=\"vfb-122\" class=\"vfb-desc\">Web Siteniz <\/label><input type=\"url\" name=\"vfb-122\" id=\"vfb-122\" value=\"\" class=\"vfb-text  vfb-medium   url \" \/><\/li><li class=\"vfb-item vfb-item-textarea  \" id=\"item-vfb-123\"><label for=\"vfb-123\" class=\"vfb-desc\">Mesaj\u0131n\u0131z <\/label><div><textarea name=\"vfb-123\" id=\"vfb-123\" class=\"vfb-textarea  vfb-medium  \"><\/textarea><\/div><\/li><\/ul>&nbsp;<\/fieldset><fieldset class=\"vfb-fieldset vfb-fieldset-2 81 \" id=\"item-vfb-81\" style=\"display:block\"><div class=\"vfb-legend\"><h3><\/h3><\/div><ul class=\"vfb-section vfb-section-2\"><li class=\"vfb-item vfb-item-secret\"  style=\"display:block\"><label for=\"vfb-82\" class=\"vfb-desc\">5+5= <span class=\"vfb-required-asterisk\">*<\/span><\/label><input type=\"hidden\" name=\"_vfb-secret\" value=\"vfb-82\" \/><input type=\"text\" name=\"vfb-82\" id=\"vfb-82\" value=\"\" class=\"vfb-text  vfb-medium  required {digits:true,maxlength:2,minlength:2} \" style=\"display:block\" \/><li style=\"display:none;\"><label>This box is for spam protection - &lt;strong&gt;please leave it blank&lt;\/strong&gt;:<\/label><div><input name=\"vfb-spam\" \/><\/div><\/li>\n\t\t\t<li class=\"vfb-item vfb-item-submit\" id=\"item-vfb-83\">\n\t\t\t\t<input type=\"submit\" name=\"vfb-submit\" id=\"vfb-83\" value=\"Send message\" class=\"vfb-submit \" \/>\n\t\t\t\t<\/li><\/ul>\n\t\t\t<\/fieldset><input type=\"hidden\" name=\"_wp_http_referer\" value=\"\/en\/wp-json\/wp\/v2\/pages\/2263\" \/><\/form><\/div> <!-- .visual-form-builder-container -->[\/vc_column_text][\/vc_column_inner][vc_column_inner width=&#8221;1\/3&#8243;][stm_contacts_widget title=&#8221;Contact:&#8221; address=&#8221;\u0130rfaniye Mh. \u0130rfaniye G\u00f6k\u00e7ek\u00f6y Yolu Sk. No: 32 Nil\u00fcfer &#8211; Bursa \/ T\u00fcrkiye&#8221; phone=&#8221;<strong>0(224) 495 15 15<\/strong>&#8221; fax=&#8221;<strong>FAX: 0(224) 495 15 20<\/strong>&#8221; email=&#8221;basatlar@basatlar.com&#8221; css=&#8221;.vc_custom_1703666611875{border-top-width: 5px !important;border-right-width: 5px !important;border-bottom-width: 5px !important;border-left-width: 5px !important;padding-top: 70px !important;padding-right: 50px !important;padding-bottom: 44px !important;padding-left: 50px !important;border-left-color: #d5d5d5 !important;border-left-style: solid !important;border-right-color: #d5d5d5 !important;border-right-style: solid !important;border-top-color: #d5d5d5 !important;border-top-style: solid !important;border-bottom-color: #d5d5d5 !important;border-bottom-style: solid !important;}&#8221;][\/vc_column_inner][\/vc_row_inner][vc_row_inner][vc_column_inner][vc_gmaps link=&#8221;#E-8_JTNDaWZyYW1lJTIwc3JjJTNEJTIyaHR0cHMlM0ElMkYlMkZ3d3cuZ29vZ2xlLmNvbSUyRm1hcHMlMkZlbWJlZCUzRnBiJTNEJTIxMW0xOCUyMTFtMTIlMjExbTMlMjExZDUxMjIuNDk4MzE1OTYzOTUyJTIxMmQyOC44MDQ0NjM2OTQ5NjA3MTMlMjEzZDQwLjIzNDUxMDAyNTk2NjMxNiUyMTJtMyUyMTFmMCUyMTJmMCUyMTNmMCUyMTNtMiUyMTFpMTAyNCUyMTJpNzY4JTIxNGYxMy4xJTIxM20zJTIxMW0yJTIxMXMweDAlMjUzQTB4MCUyMTJ6TkREQ3NERTBKekEwTGpnaVRpQXlPTUt3TkRnbk1UWXVNQ0pGJTIxNWUwJTIxM20yJTIxMXN0ciUyMTJzJTIxNHYxNDQwMDY4ODE1NDM5JTIyJTIwJTIwaGVpZ2h0JTNEJTIyNDAwJTIyJTIwZnJhbWVib3JkZXIlM0QlMjIwJTIyJTIwc3R5bGUlM0QlMjJib3JkZXIlM0EwJTIyJTIwYWxsb3dmdWxsc2NyZWVuJTNFJTNDJTJGaWZyYW1lJTNF&#8221; size=&#8221;400&#8243;][\/vc_column_inner][\/vc_row_inner][\/vc_column][\/vc_row]<\/p>\n<\/div>","protected":false},"excerpt":{"rendered":"<p>[vc_row][vc_column][vc_row_inner][vc_column_inner][vc_single_image image=&#8221;2060&#8243; img_size=&#8221;full&#8221; alignment=&#8221;center&#8221;][\/vc_column_inner][\/vc_row_inner][vc_row_inner][vc_column_inner width=&#8221;2\/3&#8243;][vc_column_text][\/vc_column_text][\/vc_column_inner][vc_column_inner width=&#8221;1\/3&#8243;][stm_contacts_widget title=&#8221;Contact:&#8221; address=&#8221;\u0130rfaniye Mh. \u0130rfaniye G\u00f6k\u00e7ek\u00f6y Yolu Sk. No: 32 Nil\u00fcfer &#8211; Bursa \/ T\u00fcrkiye&#8221; phone=&#8221;0(224) 495 15 15&#8221; fax=&#8221;FAX: 0(224) 495 15 20&#8221; email=&#8221;basatlar@basatlar.com&#8221; css=&#8221;.vc_custom_1703666611875{border-top-width: 5px !important;border-right-width: 5px !important;border-bottom-width: 5px !important;border-left-width: 5px !important;padding-top: 70px !important;padding-right: 50px !important;padding-bottom: 44px !important;padding-left: 50px !important;border-left-color: #d5d5d5 !important;border-left-style: solid !important;border-right-color: #d5d5d5 !important;border-right-style: solid !important;border-top-color:<\/p>\n","protected":false},"author":1,"featured_media":0,"parent":0,"menu_order":0,"comment_status":"closed","ping_status":"closed","template":"","meta":{"footnotes":""},"class_list":["post-2263","page","type-page","status-publish","hentry"],"_links":{"self":[{"href":"https:\/\/www.basatlar.com\/en\/wp-json\/wp\/v2\/pages\/2263","targetHints":{"allow":["GET"]}}],"collection":[{"href":"https:\/\/www.basatlar.com\/en\/wp-json\/wp\/v2\/pages"}],"about":[{"href":"https:\/\/www.basatlar.com\/en\/wp-json\/wp\/v2\/types\/page"}],"author":[{"embeddable":true,"href":"https:\/\/www.basatlar.com\/en\/wp-json\/wp\/v2\/users\/1"}],"replies":[{"embeddable":true,"href":"https:\/\/www.basatlar.com\/en\/wp-json\/wp\/v2\/comments?post=2263"}],"version-history":[{"count":2,"href":"https:\/\/www.basatlar.com\/en\/wp-json\/wp\/v2\/pages\/2263\/revisions"}],"predecessor-version":[{"id":2524,"href":"https:\/\/www.basatlar.com\/en\/wp-json\/wp\/v2\/pages\/2263\/revisions\/2524"}],"wp:attachment":[{"href":"https:\/\/www.basatlar.com\/en\/wp-json\/wp\/v2\/media?parent=2263"}],"curies":[{"name":"wp","href":"https:\/\/api.w.org\/{rel}","templated":true}]}}